{"id":126,"date":"2026-01-22T13:03:25","date_gmt":"2026-01-22T06:03:25","guid":{"rendered":"https:\/\/tapvohongma.io.vn\/?post_type=product&#038;p=126"},"modified":"2026-01-24T16:19:14","modified_gmt":"2026-01-24T09:19:14","slug":"keo-van-phong","status":"publish","type":"product","link":"https:\/\/tapvohongma.io.vn\/?product=keo-van-phong","title":{"rendered":"K\u00e9o v\u0103n ph\u00f2ng"},"content":{"rendered":"<div>K\u00e9o v\u0103n ph\u00f2ng H\u1ed3ng M\u00e3 l\u00e0 d\u1ee5ng c\u1ee5 kh\u00f4ng th\u1ec3 thi\u1ebfu trong h\u1ecdc t\u1eadp, v\u0103n ph\u00f2ng v\u00e0 sinh ho\u1ea1t h\u1eb1ng ng\u00e0y. S\u1ea3n ph\u1ea9m \u0111\u01b0\u1ee3c thi\u1ebft k\u1ebf theo ti\u00eau ch\u00ed b\u1ec1n \u2013 ti\u1ec7n d\u1ee5ng \u2013 an to\u00e0n, \u0111\u00e1p \u1ee9ng t\u1ed1t nhu c\u1ea7u c\u1eaft gi\u1ea5y, b\u00eca m\u1ecfng, nilon v\u00e0 c\u00e1c v\u1eadt li\u1ec7u th\u00f4ng d\u1ee5ng kh\u00e1c.<\/div>\n<div>L\u01b0\u1ee1i k\u00e9o \u0111\u01b0\u1ee3c l\u00e0m t\u1eeb th\u00e9p kh\u00f4ng g\u1ec9 v\u1edbi \u0111\u1ed9 d\u00e0y 1.8 mm, cho kh\u1ea3 n\u0103ng c\u1eaft s\u1eafc b\u00e9n, d\u1ee9t kho\u00e1t v\u00e0 b\u1ec1n b\u1ec9 theo th\u1eddi gian. Ch\u1ea5t li\u1ec7u th\u00e9p ch\u1ea5t l\u01b0\u1ee3ng cao gi\u00fap k\u00e9o h\u1ea1n ch\u1ebf g\u1ec9 s\u00e9t, duy tr\u00ec \u0111\u1ed9 s\u1eafc ngay c\u1ea3 khi s\u1eed d\u1ee5ng th\u01b0\u1eddng xuy\u00ean.<\/div>\n<div>Ph\u1ea7n tay c\u1ea7m \u0111\u01b0\u1ee3c l\u00e0m t\u1eeb nh\u1ef1a PP cao c\u1ea5p, c\u00f3 \u0111\u1ed9 b\u1ec1n cao, ch\u1ecbu l\u1ef1c t\u1ed1t v\u00e0 t\u1ea1o c\u1ea3m gi\u00e1c \u00eam tay khi c\u1ea7m n\u1eafm. Thi\u1ebft k\u1ebf v\u1eeba v\u1eb7n gi\u00fap ng\u01b0\u1eddi d\u00f9ng thao t\u00e1c d\u1ec5 d\u00e0ng, gi\u1ea3m m\u1ecfi tay khi s\u1eed d\u1ee5ng trong th\u1eddi gian d\u00e0i, ph\u00f9 h\u1ee3p cho c\u1ea3 h\u1ecdc sinh, sinh vi\u00ean v\u00e0 nh\u00e2n vi\u00ean v\u0103n ph\u00f2ng.<\/div>\n<div>K\u00e9o c\u00f3 k\u00edch th\u01b0\u1edbc 170 mm, g\u1ecdn nh\u1eb9, d\u1ec5 b\u1ea3o qu\u1ea3n trong ng\u0103n b\u00e0n, h\u1ed9p d\u1ee5ng c\u1ee5 ho\u1eb7c balo. S\u1ea3n ph\u1ea9m c\u00f3 nhi\u1ec1u m\u00e0u s\u1eafc c\u01a1 b\u1ea3n v\u00e0 hi\u1ec7n \u0111\u1ea1i nh\u01b0 \u0111en, xanh v\u00e0 \u0111\u1ecf, ph\u00f9 h\u1ee3p v\u1edbi nhi\u1ec1u \u0111\u1ed1i t\u01b0\u1ee3ng v\u00e0 kh\u00f4ng gian s\u1eed d\u1ee5ng.<\/div>\n<div>L\u00e0 s\u1ea3n ph\u1ea9m mang th\u01b0\u01a1ng hi\u1ec7u T\u1eadp v\u1edf H\u1ed3ng M\u00e3, k\u00e9o v\u0103n ph\u00f2ng kh\u00f4ng ch\u1ec9 \u0111\u1ea3m b\u1ea3o c\u00f4ng n\u0103ng s\u1eed d\u1ee5ng m\u00e0 c\u00f2n th\u1ec3 hi\u1ec7n s\u1ef1 th\u1ef1c d\u1ee5ng, b\u1ec1n b\u1ec9 v\u00e0 m\u1ee9c gi\u00e1 h\u1ee3p l\u00fd, \u0111\u00e1p \u1ee9ng nhu c\u1ea7u ti\u00eau d\u00f9ng ph\u1ed5 th\u00f4ng.<\/div>\n","protected":false},"excerpt":{"rendered":"<ul>\n<li>K\u00edch th\u01b0\u1edbc: 170mm<\/li>\n<li>\u0110\u1ed9 d\u00e0y: 1.8mm<\/li>\n<li>Ch\u1ea5t li\u1ec7u: Nh\u1ef1a PP cao c\u00e2\u0301p, th\u00e9p kh\u00f4ng g\u1ec9<\/li>\n<li>Quy c\u00e1ch \u0111\u00f3ng g\u00f3i:\u00a012 chi\u1ebfc\/h\u1ed9p<\/li>\n<\/ul>\n","protected":false},"featured_media":127,"comment_status":"open","ping_status":"closed","template":"","meta":[],"product_brand":[],"product_cat":[24],"product_tag":[],"class_list":{"0":"post-126","1":"product","2":"type-product","3":"status-publish","4":"has-post-thumbnail","6":"product_cat-keo-van-phong","8":"first","9":"instock","10":"shipping-taxable","11":"purchasable","12":"product-type-simple"},"jetpack_sharing_enabled":true,"_links":{"self":[{"href":"https:\/\/tapvohongma.io.vn\/index.php?rest_route=\/wp\/v2\/product\/126","targetHints":{"allow":["GET"]}}],"collection":[{"href":"https:\/\/tapvohongma.io.vn\/index.php?rest_route=\/wp\/v2\/product"}],"about":[{"href":"https:\/\/tapvohongma.io.vn\/index.php?rest_route=\/wp\/v2\/types\/product"}],"replies":[{"embeddable":true,"href":"https:\/\/tapvohongma.io.vn\/index.php?rest_route=%2Fwp%2Fv2%2Fcomments&post=126"}],"wp:featuredmedia":[{"embeddable":true,"href":"https:\/\/tapvohongma.io.vn\/index.php?rest_route=\/wp\/v2\/media\/127"}],"wp:attachment":[{"href":"https:\/\/tapvohongma.io.vn\/index.php?rest_route=%2Fwp%2Fv2%2Fmedia&parent=126"}],"wp:term":[{"taxonomy":"product_brand","embeddable":true,"href":"https:\/\/tapvohongma.io.vn\/index.php?rest_route=%2Fwp%2Fv2%2Fproduct_brand&post=126"},{"taxonomy":"product_cat","embeddable":true,"href":"https:\/\/tapvohongma.io.vn\/index.php?rest_route=%2Fwp%2Fv2%2Fproduct_cat&post=126"},{"taxonomy":"product_tag","embeddable":true,"href":"https:\/\/tapvohongma.io.vn\/index.php?rest_route=%2Fwp%2Fv2%2Fproduct_tag&post=126"}],"curies":[{"name":"wp","href":"https:\/\/api.w.org\/{rel}","templated":true}]}}