{"id":70,"date":"2026-01-15T15:59:23","date_gmt":"2026-01-15T08:59:23","guid":{"rendered":"https:\/\/tapvohongma.io.vn\/?page_id=70"},"modified":"2026-02-28T15:48:26","modified_gmt":"2026-02-28T08:48:26","slug":"trang-chu","status":"publish","type":"page","link":"https:\/\/tapvohongma.io.vn\/","title":{"rendered":"Trang Ch\u1ee7"},"content":{"rendered":"\n\t<section class=\"section\" id=\"section_1242572803\">\n\t\t<div class=\"bg section-bg fill bg-fill  bg-loaded\" >\n\n\t\t\t\n\t\t\t<div class=\"section-bg-overlay absolute fill\"><\/div>\n\t\t\t\n\n\t\t<\/div><!-- .section-bg -->\n\n\t\t<div class=\"section-content relative\">\n\t\t\t\n\n<div class=\"slider-wrapper relative\" id=\"slider-1341263969\" >\n    <div class=\"slider slider-nav-circle slider-nav-large slider-nav-light slider-style-normal\"\n        data-flickity-options='{\n            \"cellAlign\": \"center\",\n            \"imagesLoaded\": true,\n            \"lazyLoad\": 1,\n            \"freeScroll\": false,\n            \"wrapAround\": true,\n            \"autoPlay\": 6000,\n            \"pauseAutoPlayOnHover\" : true,\n            \"prevNextButtons\": true,\n            \"contain\" : true,\n            \"adaptiveHeight\" : true,\n            \"dragThreshold\" : 10,\n            \"percentPosition\": true,\n            \"pageDots\": true,\n            \"rightToLeft\": false,\n            \"draggable\": true,\n            \"selectedAttraction\": 0.1,\n            \"parallax\" : 0,\n            \"friction\": 0.6        }'\n        >\n        \n\n\n  <div class=\"banner has-hover\" id=\"banner-2100007056\">\n          <div class=\"banner-inner fill\">\n        <div class=\"banner-bg fill\" >\n            <div class=\"bg fill bg-fill \"><\/div>\n                        <div class=\"overlay\"><\/div>            \n                    <\/div><!-- bg-layers -->\n        <div class=\"banner-layers container\">\n            <div class=\"fill banner-link\"><\/div>            \n\n\n        <\/div><!-- .banner-layers -->\n      <\/div><!-- .banner-inner -->\n\n            \n<style scope=\"scope\">\n\n#banner-2100007056 {\n  padding-top: 500px;\n  background-color: rgb(255, 255, 255);\n}\n#banner-2100007056 .bg.bg-loaded {\n  background-image: url(https:\/\/tapvohongma.io.vn\/wp-content\/uploads\/2026\/01\/Anh-chup-man-hinh-2026-01-20-160046.png);\n}\n#banner-2100007056 .overlay {\n  background-color: rgba(190, 190, 190, 0.2);\n}\n<\/style>\n  <\/div><!-- .banner -->\n\n\n\n  <div class=\"banner has-hover\" id=\"banner-170864473\">\n          <div class=\"banner-inner fill\">\n        <div class=\"banner-bg fill\" >\n            <div class=\"bg fill bg-fill \"><\/div>\n                        <div class=\"overlay\"><\/div>            \n                    <\/div><!-- bg-layers -->\n        <div class=\"banner-layers container\">\n            <div class=\"fill banner-link\"><\/div>            \n\n   <div id=\"text-box-667287472\" class=\"text-box banner-layer x10 md-x10 lg-x10 y50 md-y50 lg-y50 res-text\">\n                                <div class=\"text dark\">\n              \n              <div class=\"text-inner text-center\">\n                  \n\n<a class=\"button white is-outline\"  >\n    <span>Click Ngay<\/span>\n  <\/a>\n\n\n\n              <\/div>\n           <\/div><!-- text-box-inner -->\n                            \n<style scope=\"scope\">\n\n#text-box-667287472 {\n  width: 60%;\n}\n#text-box-667287472 .text {\n  font-size: 100%;\n}\n\n\n@media (min-width:550px) {\n\n  #text-box-667287472 {\n    width: 40%;\n  }\n\n}\n<\/style>\n    <\/div><!-- text-box -->\n \n\n        <\/div><!-- .banner-layers -->\n      <\/div><!-- .banner-inner -->\n\n            \n<style scope=\"scope\">\n\n#banner-170864473 {\n  padding-top: 500px;\n}\n#banner-170864473 .bg.bg-loaded {\n  background-image: url(https:\/\/tapvohongma.io.vn\/wp-content\/uploads\/2026\/01\/vat-dung-van-phong-pham-trong-cong-ty-2.png);\n}\n#banner-170864473 .overlay {\n  background-color: rgba(0, 0, 0, 0.31);\n}\n<\/style>\n  <\/div><!-- .banner -->\n\n\n\n  <div class=\"banner has-hover\" id=\"banner-214405045\">\n          <div class=\"banner-inner fill\">\n        <div class=\"banner-bg fill\" >\n            <div class=\"bg fill bg-fill \"><\/div>\n                        <div class=\"overlay\"><\/div>            \n                    <\/div><!-- bg-layers -->\n        <div class=\"banner-layers container\">\n            <div class=\"fill banner-link\"><\/div>            \n\n\n        <\/div><!-- .banner-layers -->\n      <\/div><!-- .banner-inner -->\n\n            \n<style scope=\"scope\">\n\n#banner-214405045 {\n  padding-top: 500px;\n}\n#banner-214405045 .bg.bg-loaded {\n  background-image: url(https:\/\/tapvohongma.io.vn\/wp-content\/uploads\/2026\/01\/van-phong-pham-quan-6-1024x698.jpg);\n}\n#banner-214405045 .overlay {\n  background-color: rgba(0, 0, 0, 0.17);\n}\n<\/style>\n  <\/div><!-- .banner -->\n\n\n\n     <\/div>\n\n     <div class=\"loading-spin dark large centered\"><\/div>\n\n     <style scope=\"scope\">\n             <\/style>\n<\/div><!-- .ux-slider-wrapper -->\n\n\n<div class=\"row\"  id=\"row-1611447516\">\n\n<div class=\"col medium-6 small-12 large-6\"  ><div class=\"col-inner\"  >\n\n\t<div class=\"img has-hover x md-x lg-x y md-y lg-y\" id=\"image_73364575\">\n\t\t\t\t\t\t\t\t<div class=\"img-inner dark\" >\n\t\t\t<img loading=\"lazy\" decoding=\"async\" width=\"1020\" height=\"1020\" src=\"https:\/\/tapvohongma.io.vn\/wp-content\/uploads\/2026\/01\/Gemini_Generated_Image_k11umdk11umdk11u.png\" class=\"attachment-large size-large\" alt=\"\" srcset=\"https:\/\/tapvohongma.io.vn\/wp-content\/uploads\/2026\/01\/Gemini_Generated_Image_k11umdk11umdk11u.png 1024w, https:\/\/tapvohongma.io.vn\/wp-content\/uploads\/2026\/01\/Gemini_Generated_Image_k11umdk11umdk11u-300x300.png 300w, https:\/\/tapvohongma.io.vn\/wp-content\/uploads\/2026\/01\/Gemini_Generated_Image_k11umdk11umdk11u-150x150.png 150w, https:\/\/tapvohongma.io.vn\/wp-content\/uploads\/2026\/01\/Gemini_Generated_Image_k11umdk11umdk11u-768x768.png 768w, https:\/\/tapvohongma.io.vn\/wp-content\/uploads\/2026\/01\/Gemini_Generated_Image_k11umdk11umdk11u-600x600.png 600w, https:\/\/tapvohongma.io.vn\/wp-content\/uploads\/2026\/01\/Gemini_Generated_Image_k11umdk11umdk11u-100x100.png 100w\" sizes=\"auto, (max-width: 1020px) 100vw, 1020px\" \/>\t\t\t\t\t\t\n\t\t\t\t\t<\/div>\n\t\t\t\t\t\t\t\t\n<style scope=\"scope\">\n\n#image_73364575 {\n  width: 100%;\n}\n<\/style>\n\t<\/div>\n\t\n\n\n<\/div><\/div>\n<div class=\"col medium-6 small-12 large-6\"  ><div class=\"col-inner\"  >\n\n<h1>T\u1ea7m Nh\u00ecn\u00a0<\/h1>\n<p>H\u1ed3ng M\u00e3 h\u01b0\u1edbng \u0111\u1ebfn tr\u1edf th\u00e0nh th\u01b0\u01a1ng hi\u1ec7u t\u1eadp v\u1edf uy t\u00edn v\u00e0 \u0111\u01b0\u1ee3c tin d\u00f9ng r\u1ed9ng r\u00e3i t\u1ea1i Vi\u1ec7t Nam, \u0111\u1ed3ng h\u00e0nh c\u00f9ng nhi\u1ec1u th\u1ebf h\u1ec7 h\u1ecdc sinh tr\u00ean h\u00e0nh tr\u00ecnh h\u1ecdc t\u1eadp. Th\u00f4ng qua c\u00e1c s\u1ea3n ph\u1ea9m ch\u1ea5t l\u01b0\u1ee3ng, b\u1ec1n \u0111\u1eb9p v\u00e0 th\u00e2n thi\u1ec7n v\u1edbi ng\u01b0\u1eddi d\u00f9ng, H\u1ed3ng M\u00e3 mong mu\u1ed1n g\u00f3p ph\u1ea7n lan t\u1ecfa tri th\u1ee9c, nu\u00f4i d\u01b0\u1ee1ng \u01b0\u1edbc m\u01a1 v\u00e0 x\u00e2y d\u1ef1ng n\u1ec1n t\u1ea3ng v\u1eefng ch\u1eafc cho t\u01b0\u01a1ng lai gi\u00e1o d\u1ee5c Vi\u1ec7t Nam.<\/p>\n\n<\/div><\/div>\n\n<\/div>\n\n\t\t<\/div><!-- .section-content -->\n\n\t\t\n<style scope=\"scope\">\n\n#section_1242572803 {\n  padding-top: 0px;\n  padding-bottom: 0px;\n  background-color: rgb(247, 247, 247);\n}\n#section_1242572803 .section-bg-overlay {\n  background-color: rgba(255, 255, 255, 0.85);\n}\n<\/style>\n\t<\/section>\n\t\n<h1 style=\"text-align: center;\">Video S\u1ea3n Ph\u1ea9m\u00a0<\/h1>\n<div class=\"video video-fit mb\" style=\"padding-top:56.25%;\"><iframe loading=\"lazy\" title=\"Most beautiful drone videos ever filmed 2015  \u2013 Our planet is amazing\" width=\"1020\" height=\"574\" src=\"https:\/\/www.youtube.com\/embed\/AoPiLg8DZ3A?feature=oembed\" frameborder=\"0\" allow=\"accelerometer; autoplay; clipboard-write; encrypted-media; gyroscope; picture-in-picture; web-share\" referrerpolicy=\"strict-origin-when-cross-origin\" allowfullscreen><\/iframe><\/div>\n\n<div class=\"row\"  id=\"row-1320061069\">\n\n<div class=\"col medium-6 small-12 large-6\"  ><div class=\"col-inner\"  >\n\n<h1 style=\"text-align: center;\">S\u1ee9 M\u1ec7nh\u00a0<\/h1>\n\n<\/div><\/div>\n<div class=\"col medium-6 small-12 large-6\"  ><div class=\"col-inner\"  >\n\n<h1 style=\"text-align: center;\">H\u00ecnh \u1ea2nh\u00a0<\/h1>\n\n<\/div><\/div>\n\n<\/div>\n<div class=\"row align-middle\"  id=\"row-593591577\">\n\n<div class=\"col medium-6 small-12 large-6\"  ><div class=\"col-inner\"  >\n\n\n<\/div><\/div>\n<div class=\"col medium-6 small-12 large-6\"  ><div class=\"col-inner\"  >\n\n\t<div class=\"img has-hover x md-x lg-x y md-y lg-y\" id=\"image_1660343831\">\n\t\t\t\t\t\t\t\t<div class=\"img-inner dark\" >\n\t\t\t<img loading=\"lazy\" decoding=\"async\" width=\"1020\" height=\"1020\" src=\"https:\/\/tapvohongma.io.vn\/wp-content\/uploads\/2026\/01\/Gemini_Generated_Image_k11umdk11umdk11u.png\" class=\"attachment-large size-large\" alt=\"\" srcset=\"https:\/\/tapvohongma.io.vn\/wp-content\/uploads\/2026\/01\/Gemini_Generated_Image_k11umdk11umdk11u.png 1024w, https:\/\/tapvohongma.io.vn\/wp-content\/uploads\/2026\/01\/Gemini_Generated_Image_k11umdk11umdk11u-300x300.png 300w, https:\/\/tapvohongma.io.vn\/wp-content\/uploads\/2026\/01\/Gemini_Generated_Image_k11umdk11umdk11u-150x150.png 150w, https:\/\/tapvohongma.io.vn\/wp-content\/uploads\/2026\/01\/Gemini_Generated_Image_k11umdk11umdk11u-768x768.png 768w, https:\/\/tapvohongma.io.vn\/wp-content\/uploads\/2026\/01\/Gemini_Generated_Image_k11umdk11umdk11u-600x600.png 600w, https:\/\/tapvohongma.io.vn\/wp-content\/uploads\/2026\/01\/Gemini_Generated_Image_k11umdk11umdk11u-100x100.png 100w\" sizes=\"auto, (max-width: 1020px) 100vw, 1020px\" \/>\t\t\t\t\t\t\n\t\t\t\t\t<\/div>\n\t\t\t\t\t\t\t\t\n<style scope=\"scope\">\n\n#image_1660343831 {\n  width: 100%;\n}\n<\/style>\n\t<\/div>\n\t\n\n\n<\/div><\/div>\n\n\n<style scope=\"scope\">\n\n<\/style>\n<\/div>\n<div class=\"row\"  id=\"row-1927809988\">\n\n<div class=\"col medium-6 small-12 large-6\"  ><div class=\"col-inner\"  >\n\n<h1 style=\"text-align: center;\">\u0110\u1ed9i Ng\u0169 Nh\u00e2n Vi\u00ean\u00a0<\/h1>\n<h3 data-start=\"154\" data-end=\"184\">GI\u1edaI THI\u1ec6U C\u00d4NG TY H\u1ed2NG M\u00c3<\/h3>\n<p data-start=\"186\" data-end=\"532\">C\u00f4ng ty H\u1ed3ng M\u00e3 l\u00e0 \u0111\u01a1n v\u1ecb ho\u1ea1t \u0111\u1ed9ng trong l\u0129nh v\u1ef1c s\u1ea3n xu\u1ea5t v\u00e0 ph\u00e2n ph\u1ed1i t\u1eadp v\u1edf, v\u0103n ph\u00f2ng ph\u1ea9m ph\u1ee5c v\u1ee5 h\u1ecdc t\u1eadp, v\u1edbi s\u1ee9 m\u1ec7nh \u0111\u1ed3ng h\u00e0nh c\u00f9ng s\u1ef1 nghi\u1ec7p gi\u00e1o d\u1ee5c Vi\u1ec7t Nam. Tr\u1ea3i qua qu\u00e1 tr\u00ecnh h\u00ecnh th\u00e0nh v\u00e0 ph\u00e1t tri\u1ec3n, H\u1ed3ng M\u00e3 kh\u00f4ng ng\u1eebng n\u1ed7 l\u1ef1c mang \u0111\u1ebfn nh\u1eefng s\u1ea3n ph\u1ea9m ch\u1ea5t l\u01b0\u1ee3ng, \u0111\u00e1p \u1ee9ng nhu c\u1ea7u h\u1ecdc t\u1eadp ng\u00e0y c\u00e0ng cao c\u1ee7a h\u1ecdc sinh tr\u00ean kh\u1eafp c\u1ea3 n\u01b0\u1edbc.<\/p>\n<p data-start=\"534\" data-end=\"871\">L\u1ea5y h\u00ecnh \u1ea3nh <strong data-start=\"547\" data-end=\"558\">H\u1ed3ng M\u00e3<\/strong> \u2013 bi\u1ec3u t\u01b0\u1ee3ng c\u1ee7a s\u1ef1 b\u1ec1n b\u1ec9, ki\u00ean tr\u00ec v\u00e0 kh\u00e1t v\u1ecdng v\u01b0\u01a1n xa \u2013 l\u00e0m c\u1ea3m h\u1ee9ng th\u01b0\u01a1ng hi\u1ec7u, c\u00f4ng ty H\u1ed3ng M\u00e3 \u0111\u1ecbnh h\u01b0\u1edbng ph\u00e1t tri\u1ec3n d\u1ef1a tr\u00ean c\u00e1c gi\u00e1 tr\u1ecb c\u1ed1t l\u00f5i: ch\u1ea5t l\u01b0\u1ee3ng, uy t\u00edn v\u00e0 tr\u00e1ch nhi\u1ec7m x\u00e3 h\u1ed9i. M\u1ed7i s\u1ea3n ph\u1ea9m \u0111\u01b0\u1ee3c t\u1ea1o ra \u0111\u1ec1u h\u01b0\u1edbng \u0111\u1ebfn vi\u1ec7c h\u1ed7 tr\u1ee3 qu\u00e1 tr\u00ecnh h\u1ecdc t\u1eadp hi\u1ec7u qu\u1ea3, an to\u00e0n v\u00e0 l\u00e2u d\u00e0i cho ng\u01b0\u1eddi s\u1eed d\u1ee5ng.<\/p>\n<p data-start=\"873\" data-end=\"1105\">V\u1edbi tinh th\u1ea7n lu\u00f4n h\u01b0\u1edbng v\u1ec1 gi\u00e1o d\u1ee5c, c\u00f4ng ty H\u1ed3ng M\u00e3 mong mu\u1ed1n g\u00f3p ph\u1ea7n x\u00e2y d\u1ef1ng m\u00f4i tr\u01b0\u1eddng h\u1ecdc t\u1eadp t\u1ed1t h\u01a1n, n\u01a1i m\u1ecdi th\u1ebf h\u1ec7 h\u1ecdc sinh \u0111\u1ec1u c\u00f3 c\u01a1 h\u1ed9i ti\u1ebfp c\u1eadn tri th\u1ee9c, nu\u00f4i d\u01b0\u1ee1ng \u01b0\u1edbc m\u01a1 v\u00e0 t\u1eebng b\u01b0\u1edbc vi\u1ebft n\u00ean t\u01b0\u01a1ng lai c\u1ee7a ch\u00ednh m\u00ecnh.<\/p>\n\n<\/div><\/div>\n<div class=\"col medium-6 small-12 large-6\"  ><div class=\"col-inner\"  >\n\n<div class=\"video video-fit mb\" style=\"padding-top:56.25%;\"><p><iframe loading=\"lazy\" title=\"Most beautiful drone videos ever filmed 2015  \u2013 Our planet is amazing\" width=\"1020\" height=\"574\" src=\"https:\/\/www.youtube.com\/embed\/AoPiLg8DZ3A?feature=oembed\" frameborder=\"0\" allow=\"accelerometer; autoplay; clipboard-write; encrypted-media; gyroscope; picture-in-picture; web-share\" referrerpolicy=\"strict-origin-when-cross-origin\" allowfullscreen><\/iframe><\/p>\n<\/div>\n\n\n<\/div><\/div>\n\n<\/div>\n<div class=\"row\"  id=\"row-1233265372\">\n\n<div class=\"col small-12 large-12\"  ><div class=\"col-inner\"  >\n\n<div class=\"row align-equal row-box-shadow-2 row-box-shadow-5-hover\"  id=\"row-1054638625\">\n\n<div class=\"col medium-4 small-12 large-4\"  ><div class=\"col-inner\"  >\n\n  <div class=\"icon-box testimonial-box icon-box-center text-center\">\n                <div class=\"icon-box-img testimonial-image circle\" style=\"width: 121px\">\n                      <\/div>\n                <div class=\"icon-box-text p-last-0\">\n          <div class=\"star-rating\"><span style=\"width:100%\"><strong class=\"rating\"><\/strong><\/span><\/div>  \t\t\t\t<div class=\"testimonial-text line-height-small italic test_text first-reset last-reset is-italic\">\n            \n\n<p>T\u00f4i kh\u00e1 y\u00ean t\u00e2m khi cho con s\u1eed d\u1ee5ng t\u1eadp v\u1edf H\u1ed3ng M\u00e3. Gi\u1ea5y d\u00e0y, \u00edt lem m\u1ef1c, con vi\u1ebft ch\u1eef r\u00f5 r\u00e0ng v\u00e0 s\u1ea1ch s\u1ebd h\u01a1n. Thi\u1ebft k\u1ebf c\u0169ng \u0111\u1eb9p, t\u1ea1o c\u1ea3m h\u1ee9ng h\u1ecdc t\u1eadp cho c\u00e1c b\u00e9.\u201d<\/p>\n\n          <\/div>\n          <div class=\"testimonial-meta pt-half\">\n             <strong class=\"testimonial-name test_name\">Ph\u1ee5 huynh<\/strong>\n             <span class=\"testimonial-name-divider\"> \/ <\/span>             <span class=\"testimonial-company test_company\">Facebook<\/span>\n          <\/div>\n        <\/div>\n  <\/div><!-- .icon-box -->\n\n  \n\n<\/div><\/div>\n<div class=\"col medium-4 small-12 large-4\"  ><div class=\"col-inner\"  >\n\n  <div class=\"icon-box testimonial-box icon-box-center text-center\">\n                <div class=\"icon-box-img testimonial-image circle\" style=\"width: 121px\">\n                      <\/div>\n                <div class=\"icon-box-text p-last-0\">\n          <div class=\"star-rating\"><span style=\"width:100%\"><strong class=\"rating\"><\/strong><\/span><\/div>  \t\t\t\t<div class=\"testimonial-text line-height-small italic test_text first-reset last-reset is-italic\">\n            \n\n<div class=\"e-box h-p2 -stacked -radius-none\">\n<p class=\"t-body h-my1\">\u201cM\u00ecnh th\u00edch t\u1eadp v\u1edf H\u1ed3ng M\u00e3 v\u00ec gi\u1ea5y m\u1ecbn, vi\u1ebft r\u1ea5t tr\u01a1n tay. H\u00ecnh b\u00eca nh\u00ecn m\u1ea1nh m\u1ebd v\u00e0 d\u1ec5 th\u01b0\u01a1ng, l\u00e0m m\u00ecnh c\u00f3 th\u00eam \u0111\u1ed9ng l\u1ef1c m\u1ed7i khi m\u1edf v\u1edf ra h\u1ecdc.\u201d<\/p>\n<\/div>\n\n          <\/div>\n          <div class=\"testimonial-meta pt-half\">\n             <strong class=\"testimonial-name test_name\">H\u1ecdc sinh<\/strong>\n             <span class=\"testimonial-name-divider\"> \/ <\/span>             <span class=\"testimonial-company test_company\">Facebook<\/span>\n          <\/div>\n        <\/div>\n  <\/div><!-- .icon-box -->\n\n  \n\n<\/div><\/div>\n<div class=\"col medium-4 small-12 large-4\"  ><div class=\"col-inner\"  >\n\n  <div class=\"icon-box testimonial-box icon-box-center text-center\">\n                <div class=\"icon-box-img testimonial-image circle\" style=\"width: 121px\">\n                      <\/div>\n                <div class=\"icon-box-text p-last-0\">\n          <div class=\"star-rating\"><span style=\"width:100%\"><strong class=\"rating\"><\/strong><\/span><\/div>  \t\t\t\t<div class=\"testimonial-text line-height-small italic test_text first-reset last-reset is-italic\">\n            \n\n<p>T\u1eadp v\u1edf H\u1ed3ng M\u00e3 c\u00f3 ch\u1ea5t l\u01b0\u1ee3ng \u1ed5n \u0111\u1ecbnh, ph\u00f9 h\u1ee3p s\u1eed d\u1ee5ng l\u00e2u d\u00e0i trong n\u0103m h\u1ecdc. S\u1ea3n ph\u1ea9m \u0111\u00e1p \u1ee9ng t\u1ed1t nhu c\u1ea7u h\u1ecdc t\u1eadp c\u1ee7a h\u1ecdc sinh \u1edf nhi\u1ec1u c\u1ea5p \u0111\u1ed9, r\u1ea5t \u0111\u00e1ng tin c\u1eady.<\/p>\n\n          <\/div>\n          <div class=\"testimonial-meta pt-half\">\n             <strong class=\"testimonial-name test_name\">Gi\u00e1o vi\u00ean \/ Nh\u00e0 tr\u01b0\u1eddng<\/strong>\n                          <span class=\"testimonial-company test_company\"><\/span>\n          <\/div>\n        <\/div>\n  <\/div><!-- .icon-box -->\n\n  \n\n<\/div><\/div>\n\n\n<style scope=\"scope\">\n\n#row-1054638625 > .col > .col-inner {\n  padding: 30px 30px 30px 30px;\n}\n<\/style>\n<\/div>\n\n<\/div><\/div>\n\n<\/div>\n\n","protected":false},"excerpt":{"rendered":"<p>Video S\u1ea3n Ph\u1ea9m\u00a0<\/p>\n","protected":false},"author":1,"featured_media":0,"parent":0,"menu_order":0,"comment_status":"closed","ping_status":"closed","template":"","meta":{"footnotes":""},"class_list":["post-70","page","type-page","status-publish","hentry"],"jetpack_sharing_enabled":true,"_links":{"self":[{"href":"https:\/\/tapvohongma.io.vn\/index.php?rest_route=\/wp\/v2\/pages\/70","targetHints":{"allow":["GET"]}}],"collection":[{"href":"https:\/\/tapvohongma.io.vn\/index.php?rest_route=\/wp\/v2\/pages"}],"about":[{"href":"https:\/\/tapvohongma.io.vn\/index.php?rest_route=\/wp\/v2\/types\/page"}],"author":[{"embeddable":true,"href":"https:\/\/tapvohongma.io.vn\/index.php?rest_route=\/wp\/v2\/users\/1"}],"replies":[{"embeddable":true,"href":"https:\/\/tapvohongma.io.vn\/index.php?rest_route=%2Fwp%2Fv2%2Fcomments&post=70"}],"version-history":[{"count":9,"href":"https:\/\/tapvohongma.io.vn\/index.php?rest_route=\/wp\/v2\/pages\/70\/revisions"}],"predecessor-version":[{"id":283,"href":"https:\/\/tapvohongma.io.vn\/index.php?rest_route=\/wp\/v2\/pages\/70\/revisions\/283"}],"wp:attachment":[{"href":"https:\/\/tapvohongma.io.vn\/index.php?rest_route=%2Fwp%2Fv2%2Fmedia&parent=70"}],"curies":[{"name":"wp","href":"https:\/\/api.w.org\/{rel}","templated":true}]}}